{"id":96,"date":"2019-04-21T07:05:22","date_gmt":"2019-04-21T07:05:22","guid":{"rendered":"http:\/\/austejai.lt\/?page_id=96"},"modified":"2019-04-26T10:28:47","modified_gmt":"2019-04-26T10:28:47","slug":"kontaktai","status":"publish","type":"page","link":"https:\/\/austejai.lt\/index.php\/kontaktai\/","title":{"rendered":"Kontaktai"},"content":{"rendered":"\n<h6 class=\"wp-block-heading\" style=\"text-align:center\"> Aust\u0117jos mama Asta Kuktien\u0117<\/h6>\n\n\n\n<h6 class=\"wp-block-heading\" style=\"text-align:center\">Tel.: +37065686053<\/h6>\n\n\n\n<h6 class=\"wp-block-heading\" style=\"text-align:center\">El. pa\u0161tas: <a href=\"mailto:austejossypsena@gmail.com\">austejossypsena@gmail.com<\/a><\/h6>\n\n\n\n<h6 class=\"wp-block-heading\" style=\"text-align:center\">Asociacija \u201cAust\u0117jos \u0161ypsena\u201d<br>Nr. 302775003<\/h6>\n\n\n\n<div class=\"wp-block-button aligncenter\"><a class=\"wp-block-button__link has-background\" href=\"https:\/\/www.facebook.com\/AustejosSypsena\/?epa=SEARCH_BOX\" style=\"background-color:#074b73\">Facebook &#8220;Aust\u0117jos \u0161ypsena&#8221;<\/a><\/div>\n\n\n\n<p><\/p>\n","protected":false},"excerpt":{"rendered":"<p>Aust\u0117jos mama Asta Kuktien\u0117 Tel.: +37065686053 El. pa\u0161tas: austejossypsena@gmail.com Asociacija \u201cAust\u0117jos \u0161ypsena\u201dNr. 302775003<\/p>\n","protected":false},"author":3,"featured_media":0,"parent":0,"menu_order":0,"comment_status":"closed","ping_status":"closed","template":"","meta":{"footnotes":""},"class_list":["post-96","page","type-page","status-publish","hentry"],"acf":[],"_links":{"self":[{"href":"https:\/\/austejai.lt\/index.php\/wp-json\/wp\/v2\/pages\/96","targetHints":{"allow":["GET"]}}],"collection":[{"href":"https:\/\/austejai.lt\/index.php\/wp-json\/wp\/v2\/pages"}],"about":[{"href":"https:\/\/austejai.lt\/index.php\/wp-json\/wp\/v2\/types\/page"}],"author":[{"embeddable":true,"href":"https:\/\/austejai.lt\/index.php\/wp-json\/wp\/v2\/users\/3"}],"replies":[{"embeddable":true,"href":"https:\/\/austejai.lt\/index.php\/wp-json\/wp\/v2\/comments?post=96"}],"version-history":[{"count":18,"href":"https:\/\/austejai.lt\/index.php\/wp-json\/wp\/v2\/pages\/96\/revisions"}],"predecessor-version":[{"id":755,"href":"https:\/\/austejai.lt\/index.php\/wp-json\/wp\/v2\/pages\/96\/revisions\/755"}],"wp:attachment":[{"href":"https:\/\/austejai.lt\/index.php\/wp-json\/wp\/v2\/media?parent=96"}],"curies":[{"name":"wp","href":"https:\/\/api.w.org\/{rel}","templated":true}]}}