{"id":90,"date":"2019-04-21T06:36:10","date_gmt":"2019-04-21T06:36:10","guid":{"rendered":"http:\/\/austejai.lt\/?page_id=90"},"modified":"2019-04-24T09:06:25","modified_gmt":"2019-04-24T09:06:25","slug":"parama","status":"publish","type":"page","link":"https:\/\/austejai.lt\/index.php\/parama\/","title":{"rendered":"Parama"},"content":{"rendered":"\n<p style=\"text-align:center\">Aust\u0117jos gydym\u0105 galite paremti pervesdami l\u0117\u0161as \u012f specialiai Aust\u0117jai \u012fsteigt\u0105 asociacij\u0105 &#8220;Aust\u0117jos \u0161ypsena&#8221;.<\/p>\n\n\n\n<p style=\"text-align:center\">Gav\u0117jas: <strong>Asociacija \u201cAust\u0117jos \u0161ypsena\u201d<\/strong><br>Gav\u0117jo identifikacinis numeris:&nbsp;<strong>302775003<\/strong><br>Banko kodas:&nbsp;<strong>70440<\/strong><br>Banko s\u0105skaita:&nbsp;<strong>LT16 7044 0600 0782 7225<\/strong><br>SWIFT kodas:&nbsp;<strong>CBVILT2X<\/strong><\/p>\n\n\n\n<p style=\"text-align:center\">Taip pat galite paremti Aust\u0117jos gydym\u0105 skirdami 2% pajam\u0173 mokes\u010dio dal\u012f. Pla\u010diau apra\u0161yta skiltyje &#8220;<a href=\"https:\/\/austejai.lt\/index.php\/2-2\/\">2% parama<\/a>&#8220;.<\/p>\n","protected":false},"excerpt":{"rendered":"<p>Aust\u0117jos gydym\u0105 galite paremti pervesdami l\u0117\u0161as \u012f specialiai Aust\u0117jai \u012fsteigt\u0105 asociacij\u0105 &#8220;Aust\u0117jos \u0161ypsena&#8221;. Gav\u0117jas: Asociacija \u201cAust\u0117jos \u0161ypsena\u201dGav\u0117jo identifikacinis numeris:&nbsp;302775003Banko kodas:&nbsp;70440Banko s\u0105skaita:&nbsp;LT16 7044 0600 0782 7225SWIFT kodas:&nbsp;CBVILT2X Taip pat galite paremti Aust\u0117jos gydym\u0105 skirdami 2% pajam\u0173 mokes\u010dio dal\u012f. Pla\u010diau apra\u0161yta skiltyje &#8220;2% parama&#8220;.<\/p>\n","protected":false},"author":3,"featured_media":0,"parent":0,"menu_order":0,"comment_status":"closed","ping_status":"closed","template":"","meta":{"footnotes":""},"class_list":["post-90","page","type-page","status-publish","hentry"],"acf":[],"_links":{"self":[{"href":"https:\/\/austejai.lt\/index.php\/wp-json\/wp\/v2\/pages\/90","targetHints":{"allow":["GET"]}}],"collection":[{"href":"https:\/\/austejai.lt\/index.php\/wp-json\/wp\/v2\/pages"}],"about":[{"href":"https:\/\/austejai.lt\/index.php\/wp-json\/wp\/v2\/types\/page"}],"author":[{"embeddable":true,"href":"https:\/\/austejai.lt\/index.php\/wp-json\/wp\/v2\/users\/3"}],"replies":[{"embeddable":true,"href":"https:\/\/austejai.lt\/index.php\/wp-json\/wp\/v2\/comments?post=90"}],"version-history":[{"count":11,"href":"https:\/\/austejai.lt\/index.php\/wp-json\/wp\/v2\/pages\/90\/revisions"}],"predecessor-version":[{"id":393,"href":"https:\/\/austejai.lt\/index.php\/wp-json\/wp\/v2\/pages\/90\/revisions\/393"}],"wp:attachment":[{"href":"https:\/\/austejai.lt\/index.php\/wp-json\/wp\/v2\/media?parent=90"}],"curies":[{"name":"wp","href":"https:\/\/api.w.org\/{rel}","templated":true}]}}